{"id":27046,"date":"2020-07-06T17:14:23","date_gmt":"2020-07-06T15:14:23","guid":{"rendered":"https:\/\/beauty.fiapp.com\/shop\/senza-categoria\/spa-em101ps-lettino-massaggi-pedispa-e-shampoo\/"},"modified":"2023-11-23T12:44:48","modified_gmt":"2023-11-23T11:44:48","slug":"spa-em101ps-lettino-massaggi-pedispa-e-shampoo","status":"publish","type":"product","link":"https:\/\/fiapp.com\/fr\/spa-em101ps-lettino-massaggi-pedispa-e-shampoo\/","title":{"rendered":"Lit de massage et shampoing 2-en-1 SPA EM101PS"},"content":{"rendered":"","protected":false},"excerpt":{"rendered":"<h3>SPA EM101PS<\/h3>\n<p>Lit multifonctionnel r\u00e9glable \u00e9lectriquement en hauteur avec vasque pedispa en Corian int\u00e9gr\u00e9e, mitigeur et douchette. Repose-pieds r\u00e9glable en hauteur. Vasque lave-t\u00eate inox int\u00e9gr\u00e9 complete avec repose-t\u00eate. Dossier r\u00e9glable \u00e9lectriquement. Matelas H 10 cm. avec capuchon amovible pour le visage.<\/p>\n","protected":false},"featured_media":26308,"comment_status":"closed","ping_status":"closed","template":"","meta":{"_acf_changed":false},"product_cat":[298],"product_tag":[],"class_list":["post-27046","product","type-product","status-publish","has-post-thumbnail","hentry","product_cat-lits-spa-nails"],"acf":[],"_links":{"self":[{"href":"https:\/\/fiapp.com\/fr\/wp-json\/wp\/v2\/product\/27046"}],"collection":[{"href":"https:\/\/fiapp.com\/fr\/wp-json\/wp\/v2\/product"}],"about":[{"href":"https:\/\/fiapp.com\/fr\/wp-json\/wp\/v2\/types\/product"}],"replies":[{"embeddable":true,"href":"https:\/\/fiapp.com\/fr\/wp-json\/wp\/v2\/comments?post=27046"}],"wp:featuredmedia":[{"embeddable":true,"href":"https:\/\/fiapp.com\/fr\/wp-json\/wp\/v2\/media\/26308"}],"wp:attachment":[{"href":"https:\/\/fiapp.com\/fr\/wp-json\/wp\/v2\/media?parent=27046"}],"wp:term":[{"taxonomy":"product_cat","embeddable":true,"href":"https:\/\/fiapp.com\/fr\/wp-json\/wp\/v2\/product_cat?post=27046"},{"taxonomy":"product_tag","embeddable":true,"href":"https:\/\/fiapp.com\/fr\/wp-json\/wp\/v2\/product_tag?post=27046"}],"curies":[{"name":"wp","href":"https:\/\/api.w.org\/{rel}","templated":true}]}}