{"id":27054,"date":"2020-07-06T17:24:40","date_gmt":"2020-07-06T15:24:40","guid":{"rendered":"https:\/\/beauty.fiapp.com\/shop\/senza-categoria\/nails-e130m-postazione-per-manicure\/"},"modified":"2023-11-23T11:54:31","modified_gmt":"2023-11-23T10:54:31","slug":"nails-e130m","status":"publish","type":"product","link":"https:\/\/fiapp.com\/fr\/nails-e130m\/","title":{"rendered":"Station de manucure Elegant NAILS E130M"},"content":{"rendered":"","protected":false},"excerpt":{"rendered":"<h3>NAILS E130M<\/h3>\n<p>Place de manucure, 2 niches sous le plan de travail. Option: aspirateur int\u00e9gr\u00e9, lampe LED pour l&#8217;\u00e9clairage du plan de travail, prises et interrupteurs.<\/p>\n","protected":false},"featured_media":26298,"comment_status":"open","ping_status":"closed","template":"","meta":{"_acf_changed":false},"product_cat":[294],"product_tag":[],"class_list":["post-27054","product","type-product","status-publish","has-post-thumbnail","hentry","product_cat-tables-de-manucure-spa-nails"],"acf":[],"_links":{"self":[{"href":"https:\/\/fiapp.com\/fr\/wp-json\/wp\/v2\/product\/27054"}],"collection":[{"href":"https:\/\/fiapp.com\/fr\/wp-json\/wp\/v2\/product"}],"about":[{"href":"https:\/\/fiapp.com\/fr\/wp-json\/wp\/v2\/types\/product"}],"replies":[{"embeddable":true,"href":"https:\/\/fiapp.com\/fr\/wp-json\/wp\/v2\/comments?post=27054"}],"wp:featuredmedia":[{"embeddable":true,"href":"https:\/\/fiapp.com\/fr\/wp-json\/wp\/v2\/media\/26298"}],"wp:attachment":[{"href":"https:\/\/fiapp.com\/fr\/wp-json\/wp\/v2\/media?parent=27054"}],"wp:term":[{"taxonomy":"product_cat","embeddable":true,"href":"https:\/\/fiapp.com\/fr\/wp-json\/wp\/v2\/product_cat?post=27054"},{"taxonomy":"product_tag","embeddable":true,"href":"https:\/\/fiapp.com\/fr\/wp-json\/wp\/v2\/product_tag?post=27054"}],"curies":[{"name":"wp","href":"https:\/\/api.w.org\/{rel}","templated":true}]}}