{"id":27058,"date":"2020-07-06T17:27:09","date_gmt":"2020-07-06T15:27:09","guid":{"rendered":"https:\/\/beauty.fiapp.com\/shop\/senza-categoria\/spa-e130sv-postazione-per-manicure-con-vetrina\/"},"modified":"2023-11-23T12:40:31","modified_gmt":"2023-11-23T11:40:31","slug":"spa-e130sv","status":"publish","type":"product","link":"https:\/\/fiapp.com\/fr\/spa-e130sv\/","title":{"rendered":"Station de manucure avec vitrine SPA E130SV : classe et ordre dans votre salon"},"content":{"rendered":"","protected":false},"excerpt":{"rendered":"<h3>SPA E130SV<\/h3>\n<p>Place de manucure complete avec bloc tiroirs sous le plan de travail et vitrine avec \u00e9tag\u00e8res en verre pour vernis \u00e0 ongles. Option: aspirateur int\u00e9gr\u00e9, lampe LED pour l&#8217;\u00e9clairage du plan de travail, prises et interrupteurs.<\/p>\n","protected":false},"featured_media":26431,"comment_status":"open","ping_status":"closed","template":"","meta":{"_acf_changed":false},"product_cat":[294],"product_tag":[],"class_list":["post-27058","product","type-product","status-publish","has-post-thumbnail","hentry","product_cat-tables-de-manucure-spa-nails"],"acf":[],"_links":{"self":[{"href":"https:\/\/fiapp.com\/fr\/wp-json\/wp\/v2\/product\/27058"}],"collection":[{"href":"https:\/\/fiapp.com\/fr\/wp-json\/wp\/v2\/product"}],"about":[{"href":"https:\/\/fiapp.com\/fr\/wp-json\/wp\/v2\/types\/product"}],"replies":[{"embeddable":true,"href":"https:\/\/fiapp.com\/fr\/wp-json\/wp\/v2\/comments?post=27058"}],"wp:featuredmedia":[{"embeddable":true,"href":"https:\/\/fiapp.com\/fr\/wp-json\/wp\/v2\/media\/26431"}],"wp:attachment":[{"href":"https:\/\/fiapp.com\/fr\/wp-json\/wp\/v2\/media?parent=27058"}],"wp:term":[{"taxonomy":"product_cat","embeddable":true,"href":"https:\/\/fiapp.com\/fr\/wp-json\/wp\/v2\/product_cat?post=27058"},{"taxonomy":"product_tag","embeddable":true,"href":"https:\/\/fiapp.com\/fr\/wp-json\/wp\/v2\/product_tag?post=27058"}],"curies":[{"name":"wp","href":"https:\/\/api.w.org\/{rel}","templated":true}]}}