{"id":27067,"date":"2020-07-06T17:30:13","date_gmt":"2020-07-06T15:30:13","guid":{"rendered":"https:\/\/beauty.fiapp.com\/shop\/senza-categoria\/nails-e130cdr-bar-nails-a-due-posti-con-elemento-cassa\/"},"modified":"2023-11-23T11:52:02","modified_gmt":"2023-11-23T10:52:02","slug":"nails-e130cdr","status":"publish","type":"product","link":"https:\/\/fiapp.com\/fr\/nails-e130cdr\/","title":{"rendered":"Bar Nails avec R\u00e9ception E130CDR : La rencontre entre Hospitalit\u00e9 et Style"},"content":{"rendered":"","protected":false},"excerpt":{"rendered":"<h3>NAILS E130CDR<\/h3>\n<p>Bar Nails \u00e0 2 postes courbe avec meuble reception int\u00e8gr\u00e9. Option: aspirateurs int\u00e9gr\u00e9s, lampes LED pour l&#8217;\u00e9clairage du plan de travail, prises et interrupteurs. (Version 3 places disponible E130CT).<\/p>\n","protected":false},"featured_media":26381,"comment_status":"open","ping_status":"closed","template":"","meta":{"_acf_changed":false},"product_cat":[546,294],"product_tag":[],"class_list":["post-27067","product","type-product","status-publish","has-post-thumbnail","hentry","product_cat-spa-nails-fr","product_cat-tables-de-manucure-spa-nails"],"acf":[],"_links":{"self":[{"href":"https:\/\/fiapp.com\/fr\/wp-json\/wp\/v2\/product\/27067"}],"collection":[{"href":"https:\/\/fiapp.com\/fr\/wp-json\/wp\/v2\/product"}],"about":[{"href":"https:\/\/fiapp.com\/fr\/wp-json\/wp\/v2\/types\/product"}],"replies":[{"embeddable":true,"href":"https:\/\/fiapp.com\/fr\/wp-json\/wp\/v2\/comments?post=27067"}],"wp:featuredmedia":[{"embeddable":true,"href":"https:\/\/fiapp.com\/fr\/wp-json\/wp\/v2\/media\/26381"}],"wp:attachment":[{"href":"https:\/\/fiapp.com\/fr\/wp-json\/wp\/v2\/media?parent=27067"}],"wp:term":[{"taxonomy":"product_cat","embeddable":true,"href":"https:\/\/fiapp.com\/fr\/wp-json\/wp\/v2\/product_cat?post=27067"},{"taxonomy":"product_tag","embeddable":true,"href":"https:\/\/fiapp.com\/fr\/wp-json\/wp\/v2\/product_tag?post=27067"}],"curies":[{"name":"wp","href":"https:\/\/api.w.org\/{rel}","templated":true}]}}