{"id":27075,"date":"2020-07-06T17:34:49","date_gmt":"2020-07-06T15:34:49","guid":{"rendered":"https:\/\/beauty.fiapp.com\/shop\/senza-categoria\/service-e133-mobile-di-servizio\/"},"modified":"2023-11-23T12:23:21","modified_gmt":"2023-11-23T11:23:21","slug":"service-e133","status":"publish","type":"product","link":"https:\/\/fiapp.com\/fr\/service-e133\/","title":{"rendered":"Service Mobile SERVICE E133 : Organisation et style"},"content":{"rendered":"","protected":false},"excerpt":{"rendered":"<h3>SERVICE E133<\/h3>\n<p>Meuble de service avec portes courbes toute hauteur, \u00e9tag\u00e8res r\u00e9glables \u00e0 l&#8217;int\u00e9rieur.<\/p>\n","protected":false},"featured_media":26397,"comment_status":"closed","ping_status":"closed","template":"","meta":{"_acf_changed":false},"product_cat":[550],"product_tag":[],"class_list":["post-27075","product","type-product","status-publish","has-post-thumbnail","hentry","product_cat-meubles-de-service-spa-nails"],"acf":[],"_links":{"self":[{"href":"https:\/\/fiapp.com\/fr\/wp-json\/wp\/v2\/product\/27075"}],"collection":[{"href":"https:\/\/fiapp.com\/fr\/wp-json\/wp\/v2\/product"}],"about":[{"href":"https:\/\/fiapp.com\/fr\/wp-json\/wp\/v2\/types\/product"}],"replies":[{"embeddable":true,"href":"https:\/\/fiapp.com\/fr\/wp-json\/wp\/v2\/comments?post=27075"}],"wp:featuredmedia":[{"embeddable":true,"href":"https:\/\/fiapp.com\/fr\/wp-json\/wp\/v2\/media\/26397"}],"wp:attachment":[{"href":"https:\/\/fiapp.com\/fr\/wp-json\/wp\/v2\/media?parent=27075"}],"wp:term":[{"taxonomy":"product_cat","embeddable":true,"href":"https:\/\/fiapp.com\/fr\/wp-json\/wp\/v2\/product_cat?post=27075"},{"taxonomy":"product_tag","embeddable":true,"href":"https:\/\/fiapp.com\/fr\/wp-json\/wp\/v2\/product_tag?post=27075"}],"curies":[{"name":"wp","href":"https:\/\/api.w.org\/{rel}","templated":true}]}}