{"id":27079,"date":"2020-07-06T17:35:22","date_gmt":"2020-07-06T15:35:22","guid":{"rendered":"https:\/\/beauty.fiapp.com\/shop\/senza-categoria\/service-e134-mobile-di-servizio\/"},"modified":"2023-11-23T12:24:44","modified_gmt":"2023-11-23T11:24:44","slug":"service-e134","status":"publish","type":"product","link":"https:\/\/fiapp.com\/fr\/service-e134\/","title":{"rendered":"SERVICE E134 Armoire de service moderne pour salons de beaut\u00e9"},"content":{"rendered":"","protected":false},"excerpt":{"rendered":"<h3>SERVICE E134<\/h3>\n<p>Meuble de service avec portes courbes fa\u00e7onn\u00e9es toute hauteur, \u00e9tag\u00e8res r\u00e9glables \u00e0 l&#8217;int\u00e9rieur, niche centrale revetue \u00e0 miroir.<\/p>\n","protected":false},"featured_media":26400,"comment_status":"closed","ping_status":"closed","template":"","meta":{"_acf_changed":false},"product_cat":[550],"product_tag":[],"class_list":["post-27079","product","type-product","status-publish","has-post-thumbnail","hentry","product_cat-meubles-de-service-spa-nails"],"acf":[],"_links":{"self":[{"href":"https:\/\/fiapp.com\/fr\/wp-json\/wp\/v2\/product\/27079"}],"collection":[{"href":"https:\/\/fiapp.com\/fr\/wp-json\/wp\/v2\/product"}],"about":[{"href":"https:\/\/fiapp.com\/fr\/wp-json\/wp\/v2\/types\/product"}],"replies":[{"embeddable":true,"href":"https:\/\/fiapp.com\/fr\/wp-json\/wp\/v2\/comments?post=27079"}],"wp:featuredmedia":[{"embeddable":true,"href":"https:\/\/fiapp.com\/fr\/wp-json\/wp\/v2\/media\/26400"}],"wp:attachment":[{"href":"https:\/\/fiapp.com\/fr\/wp-json\/wp\/v2\/media?parent=27079"}],"wp:term":[{"taxonomy":"product_cat","embeddable":true,"href":"https:\/\/fiapp.com\/fr\/wp-json\/wp\/v2\/product_cat?post=27079"},{"taxonomy":"product_tag","embeddable":true,"href":"https:\/\/fiapp.com\/fr\/wp-json\/wp\/v2\/product_tag?post=27079"}],"curies":[{"name":"wp","href":"https:\/\/api.w.org\/{rel}","templated":true}]}}