{"id":27083,"date":"2020-07-06T17:37:14","date_gmt":"2020-07-06T15:37:14","guid":{"rendered":"https:\/\/beauty.fiapp.com\/shop\/senza-categoria\/versailles-e140-mobile-di-servizio\/"},"modified":"2023-11-23T14:17:30","modified_gmt":"2023-11-23T13:17:30","slug":"versailles-e140","status":"publish","type":"product","link":"https:\/\/fiapp.com\/fr\/versailles-e140\/","title":{"rendered":"Meuble de Service Versailles E140 : \u00c9l\u00e9gance et Fonctionnalit\u00e9"},"content":{"rendered":"","protected":false},"excerpt":{"rendered":"<h3>VERSAILLES E140<\/h3>\n<p>Meuble de service avec 4 grand-tiroirs, pieds en bois massive. Option: vasque en c\u00e9ramique \u00e0 poser avec mitigeur.<\/p>\n","protected":false},"featured_media":26289,"comment_status":"closed","ping_status":"closed","template":"","meta":{"_acf_changed":false},"product_cat":[550],"product_tag":[],"class_list":["post-27083","product","type-product","status-publish","has-post-thumbnail","hentry","product_cat-meubles-de-service-spa-nails"],"acf":[],"_links":{"self":[{"href":"https:\/\/fiapp.com\/fr\/wp-json\/wp\/v2\/product\/27083"}],"collection":[{"href":"https:\/\/fiapp.com\/fr\/wp-json\/wp\/v2\/product"}],"about":[{"href":"https:\/\/fiapp.com\/fr\/wp-json\/wp\/v2\/types\/product"}],"replies":[{"embeddable":true,"href":"https:\/\/fiapp.com\/fr\/wp-json\/wp\/v2\/comments?post=27083"}],"wp:featuredmedia":[{"embeddable":true,"href":"https:\/\/fiapp.com\/fr\/wp-json\/wp\/v2\/media\/26289"}],"wp:attachment":[{"href":"https:\/\/fiapp.com\/fr\/wp-json\/wp\/v2\/media?parent=27083"}],"wp:term":[{"taxonomy":"product_cat","embeddable":true,"href":"https:\/\/fiapp.com\/fr\/wp-json\/wp\/v2\/product_cat?post=27083"},{"taxonomy":"product_tag","embeddable":true,"href":"https:\/\/fiapp.com\/fr\/wp-json\/wp\/v2\/product_tag?post=27083"}],"curies":[{"name":"wp","href":"https:\/\/api.w.org\/{rel}","templated":true}]}}