{"id":27087,"date":"2020-07-06T17:38:24","date_gmt":"2020-07-06T15:38:24","guid":{"rendered":"https:\/\/beauty.fiapp.com\/shop\/senza-categoria\/service-411-mensola-di-servizio\/"},"modified":"2023-11-23T12:21:36","modified_gmt":"2023-11-23T11:21:36","slug":"service-411","status":"publish","type":"product","link":"https:\/\/fiapp.com\/fr\/service-411\/","title":{"rendered":"Etag\u00e8re murale SERVICE 411 &#8211; \u00c9l\u00e9gance et fonctionnalit\u00e9"},"content":{"rendered":"","protected":false},"excerpt":{"rendered":"<h3>SERVICE 411<\/h3>\n<p>Etag\u00e8re \u00e0 mur, fixation invisible. Peut \u00eatre coupl\u00e9 \u00e0 VERSAILLES E140 et SPA E110.<\/p>\n","protected":false},"featured_media":26391,"comment_status":"closed","ping_status":"closed","template":"","meta":{"_acf_changed":false},"product_cat":[550],"product_tag":[],"class_list":["post-27087","product","type-product","status-publish","has-post-thumbnail","hentry","product_cat-meubles-de-service-spa-nails"],"acf":[],"_links":{"self":[{"href":"https:\/\/fiapp.com\/fr\/wp-json\/wp\/v2\/product\/27087"}],"collection":[{"href":"https:\/\/fiapp.com\/fr\/wp-json\/wp\/v2\/product"}],"about":[{"href":"https:\/\/fiapp.com\/fr\/wp-json\/wp\/v2\/types\/product"}],"replies":[{"embeddable":true,"href":"https:\/\/fiapp.com\/fr\/wp-json\/wp\/v2\/comments?post=27087"}],"wp:featuredmedia":[{"embeddable":true,"href":"https:\/\/fiapp.com\/fr\/wp-json\/wp\/v2\/media\/26391"}],"wp:attachment":[{"href":"https:\/\/fiapp.com\/fr\/wp-json\/wp\/v2\/media?parent=27087"}],"wp:term":[{"taxonomy":"product_cat","embeddable":true,"href":"https:\/\/fiapp.com\/fr\/wp-json\/wp\/v2\/product_cat?post=27087"},{"taxonomy":"product_tag","embeddable":true,"href":"https:\/\/fiapp.com\/fr\/wp-json\/wp\/v2\/product_tag?post=27087"}],"curies":[{"name":"wp","href":"https:\/\/api.w.org\/{rel}","templated":true}]}}