{"id":27091,"date":"2020-07-06T17:39:55","date_gmt":"2020-07-06T15:39:55","guid":{"rendered":"https:\/\/beauty.fiapp.com\/shop\/senza-categoria\/spa-e110-mobile-di-servizio\/"},"modified":"2023-11-23T12:28:02","modified_gmt":"2023-11-23T11:28:02","slug":"spa-e110","status":"publish","type":"product","link":"https:\/\/fiapp.com\/fr\/spa-e110\/","title":{"rendered":"Armoire de service SPA E110 : l&#8217;accessoire parfait pour votre salon"},"content":{"rendered":"","protected":false},"excerpt":{"rendered":"<h3>SPA E110<\/h3>\n<p>Meuble de service avec 2 portes, \u00e9tag\u00e9res r\u00e9glables \u00e0 l&#8217;int\u00e9rieur et porte pour jet-serviettes. Option: vasque en c\u00e9ramique \u00e0 poser avec mitigeur.<\/p>\n","protected":false},"featured_media":26610,"comment_status":"closed","ping_status":"closed","template":"","meta":{"_acf_changed":false},"product_cat":[550],"product_tag":[],"class_list":["post-27091","product","type-product","status-publish","has-post-thumbnail","hentry","product_cat-meubles-de-service-spa-nails"],"acf":[],"_links":{"self":[{"href":"https:\/\/fiapp.com\/fr\/wp-json\/wp\/v2\/product\/27091"}],"collection":[{"href":"https:\/\/fiapp.com\/fr\/wp-json\/wp\/v2\/product"}],"about":[{"href":"https:\/\/fiapp.com\/fr\/wp-json\/wp\/v2\/types\/product"}],"replies":[{"embeddable":true,"href":"https:\/\/fiapp.com\/fr\/wp-json\/wp\/v2\/comments?post=27091"}],"wp:featuredmedia":[{"embeddable":true,"href":"https:\/\/fiapp.com\/fr\/wp-json\/wp\/v2\/media\/26610"}],"wp:attachment":[{"href":"https:\/\/fiapp.com\/fr\/wp-json\/wp\/v2\/media?parent=27091"}],"wp:term":[{"taxonomy":"product_cat","embeddable":true,"href":"https:\/\/fiapp.com\/fr\/wp-json\/wp\/v2\/product_cat?post=27091"},{"taxonomy":"product_tag","embeddable":true,"href":"https:\/\/fiapp.com\/fr\/wp-json\/wp\/v2\/product_tag?post=27091"}],"curies":[{"name":"wp","href":"https:\/\/api.w.org\/{rel}","templated":true}]}}