{"id":27095,"date":"2020-07-06T17:41:40","date_gmt":"2020-07-06T15:41:40","guid":{"rendered":"https:\/\/beauty.fiapp.com\/shop\/senza-categoria\/moon-c3-lampada\/"},"modified":"2023-11-23T11:48:08","modified_gmt":"2023-11-23T10:48:08","slug":"moon-c3","status":"publish","type":"product","link":"https:\/\/fiapp.com\/fr\/moon-c3\/","title":{"rendered":"Lampe \u00e9l\u00e9gante Moon C3 pour salons de beaut\u00e9"},"content":{"rendered":"","protected":false},"excerpt":{"rendered":"<h3>MOON C3<\/h3>\n<p>Lampe avec structure en acier inox bross\u00e9 et c\u00f4t\u00e9s en plexi opale. Disponible dans les versions sol C3H et table C3L.<\/p>\n","protected":false},"featured_media":26415,"comment_status":"closed","ping_status":"closed","template":"","meta":{"_acf_changed":false},"product_cat":[536,547],"product_tag":[],"class_list":["post-27095","product","type-product","status-publish","has-post-thumbnail","hentry","product_cat-accessoires-et-complements-coiffeur","product_cat-accessoires-et-complements-spa-nails"],"acf":[],"_links":{"self":[{"href":"https:\/\/fiapp.com\/fr\/wp-json\/wp\/v2\/product\/27095"}],"collection":[{"href":"https:\/\/fiapp.com\/fr\/wp-json\/wp\/v2\/product"}],"about":[{"href":"https:\/\/fiapp.com\/fr\/wp-json\/wp\/v2\/types\/product"}],"replies":[{"embeddable":true,"href":"https:\/\/fiapp.com\/fr\/wp-json\/wp\/v2\/comments?post=27095"}],"wp:featuredmedia":[{"embeddable":true,"href":"https:\/\/fiapp.com\/fr\/wp-json\/wp\/v2\/media\/26415"}],"wp:attachment":[{"href":"https:\/\/fiapp.com\/fr\/wp-json\/wp\/v2\/media?parent=27095"}],"wp:term":[{"taxonomy":"product_cat","embeddable":true,"href":"https:\/\/fiapp.com\/fr\/wp-json\/wp\/v2\/product_cat?post=27095"},{"taxonomy":"product_tag","embeddable":true,"href":"https:\/\/fiapp.com\/fr\/wp-json\/wp\/v2\/product_tag?post=27095"}],"curies":[{"name":"wp","href":"https:\/\/api.w.org\/{rel}","templated":true}]}}