{"id":27103,"date":"2020-07-06T17:48:20","date_gmt":"2020-07-06T15:48:20","guid":{"rendered":"https:\/\/beauty.fiapp.com\/shop\/senza-categoria\/wave-p1-pannello-decorativo\/"},"modified":"2023-11-23T14:28:51","modified_gmt":"2023-11-23T13:28:51","slug":"wave-p1","status":"publish","type":"product","link":"https:\/\/fiapp.com\/fr\/wave-p1\/","title":{"rendered":"Panneau D\u00e9coratif Wave P1 : Style et Modernit\u00e9"},"content":{"rendered":"","protected":false},"excerpt":{"rendered":"<h3>WAVE P1<\/h3>\n<p>Panneau d\u00e9coratif \u00e0 vagues laqu\u00e9 \u00e0 mur.<\/p>\n","protected":false},"featured_media":26240,"comment_status":"closed","ping_status":"closed","template":"","meta":{"_acf_changed":false},"product_cat":[536,547],"product_tag":[],"class_list":["post-27103","product","type-product","status-publish","has-post-thumbnail","hentry","product_cat-accessoires-et-complements-coiffeur","product_cat-accessoires-et-complements-spa-nails"],"acf":[],"_links":{"self":[{"href":"https:\/\/fiapp.com\/fr\/wp-json\/wp\/v2\/product\/27103"}],"collection":[{"href":"https:\/\/fiapp.com\/fr\/wp-json\/wp\/v2\/product"}],"about":[{"href":"https:\/\/fiapp.com\/fr\/wp-json\/wp\/v2\/types\/product"}],"replies":[{"embeddable":true,"href":"https:\/\/fiapp.com\/fr\/wp-json\/wp\/v2\/comments?post=27103"}],"wp:featuredmedia":[{"embeddable":true,"href":"https:\/\/fiapp.com\/fr\/wp-json\/wp\/v2\/media\/26240"}],"wp:attachment":[{"href":"https:\/\/fiapp.com\/fr\/wp-json\/wp\/v2\/media?parent=27103"}],"wp:term":[{"taxonomy":"product_cat","embeddable":true,"href":"https:\/\/fiapp.com\/fr\/wp-json\/wp\/v2\/product_cat?post=27103"},{"taxonomy":"product_tag","embeddable":true,"href":"https:\/\/fiapp.com\/fr\/wp-json\/wp\/v2\/product_tag?post=27103"}],"curies":[{"name":"wp","href":"https:\/\/api.w.org\/{rel}","templated":true}]}}