{"id":27107,"date":"2020-07-06T17:49:14","date_gmt":"2020-07-06T15:49:14","guid":{"rendered":"https:\/\/beauty.fiapp.com\/shop\/senza-categoria\/picture-c1-pannello-con-cornice\/"},"modified":"2023-11-23T12:05:32","modified_gmt":"2023-11-23T11:05:32","slug":"picture-c1","status":"publish","type":"product","link":"https:\/\/fiapp.com\/fr\/picture-c1\/","title":{"rendered":"Exposition El\u00e9gance avec Tableau C1 &#8211; Panneau avec Cadre"},"content":{"rendered":"","protected":false},"excerpt":{"rendered":"<h3>PICTURE C1<\/h3>\n<p>Panneau \u00e0 mur avec cadre laqu\u00e9 r\u00e9tro-\u00e9clair\u00e9.<\/p>\n","protected":false},"featured_media":26604,"comment_status":"closed","ping_status":"closed","template":"","meta":{"_acf_changed":false},"product_cat":[536,547],"product_tag":[],"class_list":["post-27107","product","type-product","status-publish","has-post-thumbnail","hentry","product_cat-accessoires-et-complements-coiffeur","product_cat-accessoires-et-complements-spa-nails"],"acf":[],"_links":{"self":[{"href":"https:\/\/fiapp.com\/fr\/wp-json\/wp\/v2\/product\/27107"}],"collection":[{"href":"https:\/\/fiapp.com\/fr\/wp-json\/wp\/v2\/product"}],"about":[{"href":"https:\/\/fiapp.com\/fr\/wp-json\/wp\/v2\/types\/product"}],"replies":[{"embeddable":true,"href":"https:\/\/fiapp.com\/fr\/wp-json\/wp\/v2\/comments?post=27107"}],"wp:featuredmedia":[{"embeddable":true,"href":"https:\/\/fiapp.com\/fr\/wp-json\/wp\/v2\/media\/26604"}],"wp:attachment":[{"href":"https:\/\/fiapp.com\/fr\/wp-json\/wp\/v2\/media?parent=27107"}],"wp:term":[{"taxonomy":"product_cat","embeddable":true,"href":"https:\/\/fiapp.com\/fr\/wp-json\/wp\/v2\/product_cat?post=27107"},{"taxonomy":"product_tag","embeddable":true,"href":"https:\/\/fiapp.com\/fr\/wp-json\/wp\/v2\/product_tag?post=27107"}],"curies":[{"name":"wp","href":"https:\/\/api.w.org\/{rel}","templated":true}]}}