{"id":27111,"date":"2020-07-06T17:50:31","date_gmt":"2020-07-06T15:50:31","guid":{"rendered":"https:\/\/beauty.fiapp.com\/shop\/senza-categoria\/light-l1-cilindro-espositivo\/"},"modified":"2023-11-23T11:01:44","modified_gmt":"2023-11-23T10:01:44","slug":"light-l1","status":"publish","type":"product","link":"https:\/\/fiapp.com\/fr\/light-l1\/","title":{"rendered":"Cylindre d&#8217;affichage Light L1 : design et luminosit\u00e9"},"content":{"rendered":"","protected":false},"excerpt":{"rendered":"<h3>LIGHT L1<\/h3>\n<p>Cylindre exposeur laqu\u00e9 avec plateau en plexi opale r\u00e9tro\u00e9clair\u00e9.<\/p>\n","protected":false},"featured_media":26360,"comment_status":"closed","ping_status":"closed","template":"","meta":{"_acf_changed":false},"product_cat":[536,547],"product_tag":[],"class_list":["post-27111","product","type-product","status-publish","has-post-thumbnail","hentry","product_cat-accessoires-et-complements-coiffeur","product_cat-accessoires-et-complements-spa-nails"],"acf":[],"_links":{"self":[{"href":"https:\/\/fiapp.com\/fr\/wp-json\/wp\/v2\/product\/27111"}],"collection":[{"href":"https:\/\/fiapp.com\/fr\/wp-json\/wp\/v2\/product"}],"about":[{"href":"https:\/\/fiapp.com\/fr\/wp-json\/wp\/v2\/types\/product"}],"replies":[{"embeddable":true,"href":"https:\/\/fiapp.com\/fr\/wp-json\/wp\/v2\/comments?post=27111"}],"wp:featuredmedia":[{"embeddable":true,"href":"https:\/\/fiapp.com\/fr\/wp-json\/wp\/v2\/media\/26360"}],"wp:attachment":[{"href":"https:\/\/fiapp.com\/fr\/wp-json\/wp\/v2\/media?parent=27111"}],"wp:term":[{"taxonomy":"product_cat","embeddable":true,"href":"https:\/\/fiapp.com\/fr\/wp-json\/wp\/v2\/product_cat?post=27111"},{"taxonomy":"product_tag","embeddable":true,"href":"https:\/\/fiapp.com\/fr\/wp-json\/wp\/v2\/product_tag?post=27111"}],"curies":[{"name":"wp","href":"https:\/\/api.w.org\/{rel}","templated":true}]}}