{"id":27115,"date":"2020-07-17T08:41:58","date_gmt":"2020-07-17T06:41:58","guid":{"rendered":"https:\/\/beauty.fiapp.com\/shop\/senza-categoria\/godiva-1016-cles-wu-unita-lavaggio-per-parrucchiere\/"},"modified":"2023-11-22T13:05:39","modified_gmt":"2023-11-22T12:05:39","slug":"godiva-1016-cles-wu","status":"publish","type":"product","link":"https:\/\/fiapp.com\/fr\/godiva-1016-cles-wu\/","title":{"rendered":"GODIVA 1016 CLM : Modernit\u00e9 et style dans le meuble de lavage"},"content":{"rendered":"","protected":false},"excerpt":{"rendered":"<h3>GODIVA 1016 CLES WU<\/h3>\n<p>Bac pour coiffeur avec colonne inox bross\u00e9, vasque en c\u00e9ramique inclinable art. 210, mitigeur et douchette chrom\u00e9s. Chaise longue habillage en simil-cuir, l\u00e8ve-jambes \u00e9lectrique, massage shiatsu. Option: paire d&#8217; accoudoirs inox bross\u00e9.<\/p>\n","protected":false},"featured_media":26462,"comment_status":"closed","ping_status":"closed","template":"","meta":{"_acf_changed":false},"product_cat":[326,535],"product_tag":[],"class_list":["post-27115","product","type-product","status-publish","has-post-thumbnail","hentry","product_cat-bacs-coiffeur","product_cat-salon-coiffeur"],"acf":[],"_links":{"self":[{"href":"https:\/\/fiapp.com\/fr\/wp-json\/wp\/v2\/product\/27115"}],"collection":[{"href":"https:\/\/fiapp.com\/fr\/wp-json\/wp\/v2\/product"}],"about":[{"href":"https:\/\/fiapp.com\/fr\/wp-json\/wp\/v2\/types\/product"}],"replies":[{"embeddable":true,"href":"https:\/\/fiapp.com\/fr\/wp-json\/wp\/v2\/comments?post=27115"}],"wp:featuredmedia":[{"embeddable":true,"href":"https:\/\/fiapp.com\/fr\/wp-json\/wp\/v2\/media\/26462"}],"wp:attachment":[{"href":"https:\/\/fiapp.com\/fr\/wp-json\/wp\/v2\/media?parent=27115"}],"wp:term":[{"taxonomy":"product_cat","embeddable":true,"href":"https:\/\/fiapp.com\/fr\/wp-json\/wp\/v2\/product_cat?post=27115"},{"taxonomy":"product_tag","embeddable":true,"href":"https:\/\/fiapp.com\/fr\/wp-json\/wp\/v2\/product_tag?post=27115"}],"curies":[{"name":"wp","href":"https:\/\/api.w.org\/{rel}","templated":true}]}}