{"id":27123,"date":"2020-07-03T15:19:41","date_gmt":"2020-07-03T13:19:41","guid":{"rendered":"https:\/\/beauty.fiapp.com\/shop\/senza-categoria\/nails-e130sd\/"},"modified":"2023-11-23T12:00:28","modified_gmt":"2023-11-23T11:00:28","slug":"nails-e130sd","status":"publish","type":"product","link":"https:\/\/fiapp.com\/fr\/nails-e130sd\/","title":{"rendered":"Station de manucure double avec commode &#8211; NAILS E130SD"},"content":{"rendered":"","protected":false},"excerpt":{"rendered":"<h3>NAILS E130SD<\/h3>\n<p>Place de manucure \u00e0 2 postes complete avec bloc tiroirs sous le plan de travail. Option: aspirateurs int\u00e9gr\u00e9s, lampes LED pour l&#8217;\u00e9clairage du plan de travail, prises et interrupteurs.<\/p>\n","protected":false},"featured_media":26282,"comment_status":"closed","ping_status":"closed","template":"","meta":{"_acf_changed":false},"product_cat":[294],"product_tag":[],"class_list":["post-27123","product","type-product","status-publish","has-post-thumbnail","hentry","product_cat-tables-de-manucure-spa-nails"],"acf":[],"_links":{"self":[{"href":"https:\/\/fiapp.com\/fr\/wp-json\/wp\/v2\/product\/27123"}],"collection":[{"href":"https:\/\/fiapp.com\/fr\/wp-json\/wp\/v2\/product"}],"about":[{"href":"https:\/\/fiapp.com\/fr\/wp-json\/wp\/v2\/types\/product"}],"replies":[{"embeddable":true,"href":"https:\/\/fiapp.com\/fr\/wp-json\/wp\/v2\/comments?post=27123"}],"wp:featuredmedia":[{"embeddable":true,"href":"https:\/\/fiapp.com\/fr\/wp-json\/wp\/v2\/media\/26282"}],"wp:attachment":[{"href":"https:\/\/fiapp.com\/fr\/wp-json\/wp\/v2\/media?parent=27123"}],"wp:term":[{"taxonomy":"product_cat","embeddable":true,"href":"https:\/\/fiapp.com\/fr\/wp-json\/wp\/v2\/product_cat?post=27123"},{"taxonomy":"product_tag","embeddable":true,"href":"https:\/\/fiapp.com\/fr\/wp-json\/wp\/v2\/product_tag?post=27123"}],"curies":[{"name":"wp","href":"https:\/\/api.w.org\/{rel}","templated":true}]}}