{"id":56296,"date":"2025-01-31T12:11:11","date_gmt":"2025-01-31T12:04:24","guid":{"rendered":"https:\/\/fiapp.com\/?post_type=product&#038;p=56296"},"modified":"2025-01-31T16:26:40","modified_gmt":"2025-01-31T15:26:40","slug":"dream-wash-1027-wu","status":"publish","type":"product","link":"https:\/\/fiapp.com\/fr\/dream-wash-1027-wu\/","title":{"rendered":"DREAM WASH 1027 WU : Ergonomie et innovation dans le meuble de lavage"},"content":{"rendered":"","protected":false},"excerpt":{"rendered":"<p>Dream Wash 1027 WU est un bac de lavage enti\u00e8rement rembourr\u00e9 et rev\u00eatu de similicuir, con\u00e7u pour offrir un confort maximal au client tout en am\u00e9liorant l&#8217;ergonomie du travail du professionnel. \u00c9quip\u00e9 d\u2019un l\u00e8ve-jambes \u00e9lectrique et d\u2019un r\u00e9glage \u00e9lectrique de la hauteur sur la base et la vasque, il s\u2019adapte parfaitement \u00e0 la posture de l\u2019op\u00e9rateur, r\u00e9duisant ainsi consid\u00e9rablement le risque de troubles musculo-squelettiques li\u00e9s \u00e0 l\u2019activit\u00e9. Son design raffin\u00e9 et ses solutions innovantes en font une unit\u00e9 de lavage id\u00e9ale pour ceux qui recherchent \u00e0 la fois fonctionnalit\u00e9 et \u00e9l\u00e9gance.<\/p>\n","protected":false},"featured_media":56287,"comment_status":"closed","ping_status":"closed","template":"","meta":{"_acf_changed":false},"product_cat":[326,541],"product_tag":[],"class_list":["post-56296","product","type-product","status-publish","has-post-thumbnail","hentry","product_cat-bacs-coiffeur","product_cat-fauteuils-de-travail-coiffeur"],"acf":[],"_links":{"self":[{"href":"https:\/\/fiapp.com\/fr\/wp-json\/wp\/v2\/product\/56296"}],"collection":[{"href":"https:\/\/fiapp.com\/fr\/wp-json\/wp\/v2\/product"}],"about":[{"href":"https:\/\/fiapp.com\/fr\/wp-json\/wp\/v2\/types\/product"}],"replies":[{"embeddable":true,"href":"https:\/\/fiapp.com\/fr\/wp-json\/wp\/v2\/comments?post=56296"}],"wp:featuredmedia":[{"embeddable":true,"href":"https:\/\/fiapp.com\/fr\/wp-json\/wp\/v2\/media\/56287"}],"wp:attachment":[{"href":"https:\/\/fiapp.com\/fr\/wp-json\/wp\/v2\/media?parent=56296"}],"wp:term":[{"taxonomy":"product_cat","embeddable":true,"href":"https:\/\/fiapp.com\/fr\/wp-json\/wp\/v2\/product_cat?post=56296"},{"taxonomy":"product_tag","embeddable":true,"href":"https:\/\/fiapp.com\/fr\/wp-json\/wp\/v2\/product_tag?post=56296"}],"curies":[{"name":"wp","href":"https:\/\/api.w.org\/{rel}","templated":true}]}}