{"id":58197,"date":"2025-04-22T13:08:30","date_gmt":"2025-04-22T11:08:30","guid":{"rendered":"https:\/\/fiapp.com\/?post_type=product&#038;p=58197"},"modified":"2025-04-22T13:20:17","modified_gmt":"2025-04-22T11:20:17","slug":"innovative-luxury-podiatry-chair-e131-deluxe-for-beauty-centres","status":"publish","type":"product","link":"https:\/\/fiapp.com\/fr\/innovative-luxury-podiatry-chair-e131-deluxe-for-beauty-centres\/","title":{"rendered":"Fauteuil de podologie luxury de luxe innovant E131 pour centres de beaut\u00e9"},"content":{"rendered":"<p>Pedispa avec structure en Corian blanc complete avec vasque int\u00e9gr\u00e9. Fauteuil art. Diablo 666 sur plaque tournante, habillage en simil-cuir et repose-pieds r\u00e9glable en hauteur, amovible.<\/p>\n","protected":false},"excerpt":{"rendered":"<div class=\"woocommerce-product-details__short-description product_single\">\n<p>Podiatry station complete with basin integrated, mixer and shower. Armchair art. Diablo 666 on rotating plate, eco-leather upholstering and removable footrest, adjustable height.<\/p>\n<\/div>\n<div class=\"form_single_prod\"><\/div>\n","protected":false},"featured_media":58192,"comment_status":"closed","ping_status":"closed","template":"","meta":{"_acf_changed":false},"product_cat":[292],"product_tag":[],"class_list":["post-58197","product","type-product","status-publish","has-post-thumbnail","hentry","product_cat-pedispa-coiffeur"],"acf":[],"_links":{"self":[{"href":"https:\/\/fiapp.com\/fr\/wp-json\/wp\/v2\/product\/58197"}],"collection":[{"href":"https:\/\/fiapp.com\/fr\/wp-json\/wp\/v2\/product"}],"about":[{"href":"https:\/\/fiapp.com\/fr\/wp-json\/wp\/v2\/types\/product"}],"replies":[{"embeddable":true,"href":"https:\/\/fiapp.com\/fr\/wp-json\/wp\/v2\/comments?post=58197"}],"wp:featuredmedia":[{"embeddable":true,"href":"https:\/\/fiapp.com\/fr\/wp-json\/wp\/v2\/media\/58192"}],"wp:attachment":[{"href":"https:\/\/fiapp.com\/fr\/wp-json\/wp\/v2\/media?parent=58197"}],"wp:term":[{"taxonomy":"product_cat","embeddable":true,"href":"https:\/\/fiapp.com\/fr\/wp-json\/wp\/v2\/product_cat?post=58197"},{"taxonomy":"product_tag","embeddable":true,"href":"https:\/\/fiapp.com\/fr\/wp-json\/wp\/v2\/product_tag?post=58197"}],"curies":[{"name":"wp","href":"https:\/\/api.w.org\/{rel}","templated":true}]}}