{"id":62411,"date":"2025-09-12T16:51:28","date_gmt":"2025-09-29T12:56:06","guid":{"rendered":"https:\/\/fiapp.com\/?post_type=product&#038;p=62411"},"modified":"2025-09-29T14:56:06","modified_gmt":"2025-09-29T12:56:06","slug":"luxury-e131-deluxe","status":"publish","type":"product","link":"https:\/\/fiapp.com\/fr\/luxury-e131-deluxe\/","title":{"rendered":"Fauteuil de podologie innovant de luxe E131"},"content":{"rendered":"","protected":false},"excerpt":{"rendered":"<p class=\"p1\">Unit\u00e9 Pedispa multifonctionnelle\u00a0: base en Betacryl blanc avec lavabo int\u00e9gr\u00e9, robinetterie et douchette chrom\u00e9s, et repose-pieds recouvert de similicuir\u00a0; fauteuil Diablo 666H avec appui-t\u00eate r\u00e9glable en hauteur, rembourr\u00e9 et rev\u00eatu de similicuir.<\/p>\n<p class=\"p1\">Le fauteuil est \u00e9quip\u00e9 de commandes \u00e9lectriques pour le r\u00e9glage de la hauteur et du dossier\u00a0; l&#8217;avancement est \u00e9galement r\u00e9glable gr\u00e2ce \u00e0 un m\u00e9canisme coulissant \u00e0 commande \u00e9lectrique. L&#8217;unit\u00e9 est \u00e9quip\u00e9e de deux surfaces pliables en Betacryl fix\u00e9es sur les c\u00f4t\u00e9s, permettant de r\u00e9aliser des manucures sans interf\u00e9rer avec les autres soins.<\/p>\n<p class=\"p1\">Cette solution permet de r\u00e9aliser plusieurs prestations simultan\u00e9ment\u00a0: le dossier inclinable assure une d\u00e9tente maximale au client, qui peut b\u00e9n\u00e9ficier d&#8217;un soin du visage en plus d&#8217;une manucure ou d&#8217;une p\u00e9dicure. Les deux professionnels peuvent travailler simultan\u00e9ment, respectant ainsi l&#8217;espace de travail de chacun. L&#8217;utilisation de cet appareil offre un gain de temps consid\u00e9rable et un confort optimal, car ni le client ni le personnel n&#8217;ont besoin de se d\u00e9placer d&#8217;un poste \u00e0 l&#8217;autre pour diff\u00e9rents soins.<\/p>\n","protected":false},"featured_media":61927,"comment_status":"closed","ping_status":"closed","template":"","meta":{"_acf_changed":false},"product_cat":[290,546],"product_tag":[],"class_list":["post-62411","product","type-product","status-publish","has-post-thumbnail","hentry","product_cat-pedispa-spa-nails","product_cat-spa-nails-fr"],"acf":[],"_links":{"self":[{"href":"https:\/\/fiapp.com\/fr\/wp-json\/wp\/v2\/product\/62411"}],"collection":[{"href":"https:\/\/fiapp.com\/fr\/wp-json\/wp\/v2\/product"}],"about":[{"href":"https:\/\/fiapp.com\/fr\/wp-json\/wp\/v2\/types\/product"}],"replies":[{"embeddable":true,"href":"https:\/\/fiapp.com\/fr\/wp-json\/wp\/v2\/comments?post=62411"}],"wp:featuredmedia":[{"embeddable":true,"href":"https:\/\/fiapp.com\/fr\/wp-json\/wp\/v2\/media\/61927"}],"wp:attachment":[{"href":"https:\/\/fiapp.com\/fr\/wp-json\/wp\/v2\/media?parent=62411"}],"wp:term":[{"taxonomy":"product_cat","embeddable":true,"href":"https:\/\/fiapp.com\/fr\/wp-json\/wp\/v2\/product_cat?post=62411"},{"taxonomy":"product_tag","embeddable":true,"href":"https:\/\/fiapp.com\/fr\/wp-json\/wp\/v2\/product_tag?post=62411"}],"curies":[{"name":"wp","href":"https:\/\/api.w.org\/{rel}","templated":true}]}}